{"id":9,"date":"2015-01-18T15:31:33","date_gmt":"2015-01-18T15:31:33","guid":{"rendered":"http:\/\/bda2015.univ-tln.fr\/?page_id=9"},"modified":"2015-07-01T07:19:42","modified_gmt":"2015-07-01T07:19:42","slug":"programme","status":"publish","type":"page","link":"https:\/\/bda2015.univ-tln.fr\/?page_id=9","title":{"rendered":"Programme"},"content":{"rendered":"<h1><\/h1>\n<table style=\"border-collapse: separate; border-spacing: .5em .1em;\">\n<thead>\n<tr>\n<th style=\"text-align: center; width: 25%;\">Mardi<br \/>\n29 septembre 2015<\/th>\n<th style=\"text-align: center; width: 25%;\">Mercredi<br \/>\n30 SEPTEMBRE 2015<\/th>\n<th style=\"text-align: center; width: 25%;\">Jeudi<br \/>\n1 octobre\u00a02015<\/th>\n<th style=\"text-align: center; width: 25%;\">Vendredi<br \/>\n2 octobre\u00a02015<\/th>\n<\/tr>\n<\/thead>\n<tbody valign=\"TOP\">\n<tr>\n<td style=\"text-align: center;\"><\/td>\n<td style=\"text-align: center; background-color: #ccc0d4;\">8h30 &#8211; 9h30<br \/>\n<strong><a href=\"http:\/\/bda2015.univ-tln.fr\/?page_id=96#keynote1\">Keynote 1<\/a><\/strong><br \/>\nEric Simon<\/td>\n<td style=\"text-align: center; ; background-color: #ccc0d4;\">8h30 &#8211; 9h30<br \/>\n<strong><a href=\"http:\/\/bda2015.univ-tln.fr\/?page_id=96#keynote2\">Keynote 2<\/a><\/strong><br \/>\nFran\u00e7ois Goasdou\u00e9<br \/>\nMarie-Christine Rousset<\/td>\n<td style=\"text-align: center; ; background-color: #ccc0d4;\">8h30 &#8211; 9h30<br \/>\n<strong><a href=\"http:\/\/bda2015.univ-tln.fr\/?page_id=96#keynote3\">Keynote 3<\/a><\/strong><br \/>\nAm\u00e9lie Marian<br \/>\nArnaud Sahuguet<\/td>\n<\/tr>\n<tr>\n<td><\/td>\n<td style=\"text-align: center; background-color: #fcd5b4;\">9h30 &#8211; 10h00<br \/>\n<strong>Pause<\/strong><\/td>\n<td style=\"text-align: center; background-color: #fcd5b4;\">9h30 &#8211; 10h00<br \/>\n<strong>Pause<\/strong><\/td>\n<td style=\"text-align: center; background-color: #fcd5b4;\">9h30 &#8211; 10h00<br \/>\n<strong>Pause<\/strong><\/td>\n<\/tr>\n<tr>\n<td><\/td>\n<td style=\"text-align: center; background-color: #e6b8b7;\">10h00 &#8211; 11h45<br \/>\n<strong><a href=\"http:\/\/bda2015.univ-tln.fr\/?page_id=219#session3\">Session 3<br \/>\n<\/a><\/strong>WEB SOCIAL ET FOUILLE DE DONNEES \/\u00a0TRUST et PRIVACY<\/td>\n<td style=\"text-align: center; background-color: #e6b8b7;\">10h00 &#8211; 12h15<br \/>\n<a href=\"http:\/\/bda2015.univ-tln.fr\/?page_id=219#reseautage\"><br \/>\n<strong>R\u00e9seautage &#8211;<\/strong><br \/>\n<strong>Industriel<\/strong><\/a><\/td>\n<td style=\"text-align: center; background-color: #e6b8b7;\">10h00 &#8211; 11h45<br \/>\n<strong><a href=\"http:\/\/bda2015.univ-tln.fr\/?page_id=219#session5\">Session 5<br \/>\n<\/a><\/strong>APPRENTISSAGE \/\u00a0 DONNEES SPATIO-TEMPORELLES<\/td>\n<\/tr>\n<tr>\n<td style=\"text-align: center; background-color: #ddd9c4;\" rowspan=\"2\">13h30 &#8211; 14h30<br \/>\n<strong>Accueil<\/strong><\/td>\n<td style=\"text-align: center; background-color: #fabf8f;\" rowspan=\"2\">12h00 &#8211; 14h45<br \/>\n<strong>Repas + temps libre<\/strong><\/td>\n<td style=\"text-align: center; background-color: #fabf8f;\" rowspan=\"3\">12h30 &#8211; 16h30<br \/>\n<strong>Repas + temps libre<\/strong><\/td>\n<td style=\"text-align: center; background-color: #c4bd97;\">11h45 &#8211; 12h15<br \/>\n<strong>Cl\u00f4ture<\/strong><\/td>\n<\/tr>\n<tr>\n<td style=\"text-align: center; background-color: #fabf8f;\">12h55 &#8211; 14h00<br \/>\n<strong>Repas<\/strong><\/td>\n<\/tr>\n<tr>\n<td style=\"text-align: center; background-color: #c4bd97;\">14h30 &#8211; 15h00<br \/>\n<strong>Ouverture<\/strong><\/td>\n<td style=\"text-align: center; background-color: #e6b8b7;\" rowspan=\"2\">14h45 &#8211; 16h45<br \/>\n<strong><a href=\"http:\/\/bda2015.univ-tln.fr\/?page_id=96#tutoriels\">Tutoriel<\/a><\/strong><br \/>\nPaolo Papotti<br \/>\nJorge Quian\u00e9-Ruiz<\/td>\n<td style=\"text-align: center; background-color: #ddd9c4;\">12h00 et 14h00<br \/>\n<strong>D\u00e9part<\/strong><\/td>\n<\/tr>\n<tr>\n<td style=\"text-align: center; background-color: #e6b8b7;\">15h00 &#8211; 16h45<br \/>\n<strong><a href=\"http:\/\/bda2015.univ-tln.fr\/?page_id=219#session1\">Session 1<br \/>\n<\/a><\/strong>RDF ET BASES DE CONNAISSANCES<strong><a href=\"http:\/\/bda2015.univ-tln.fr\/?page_id=219#session1\"><br \/>\n<\/a><\/strong><\/td>\n<td style=\"text-align: center; background-color: #e6b8b7;\">16h30 &#8211; 17h50<br \/>\n<strong><a href=\"http:\/\/bda2015.univ-tln.fr\/?page_id=219#session4\">Session 4<br \/>\n<\/a><\/strong>GRAPHES et ARBRES<\/td>\n<\/tr>\n<tr>\n<td style=\"text-align: center; background-color: #fcd5b4;\">16h45 &#8211; 17h15<br \/>\n<strong>Pause<\/strong><\/td>\n<td style=\"text-align: center; background-color: #fcd5b4;\">16h45 &#8211; 17h<br \/>\n<strong>Pause<\/strong><\/td>\n<td style=\"text-align: center; background-color: #e6b8b7;\">17h50 &#8211; 18h20<br \/>\n<strong><a href=\"http:\/\/bda2015.univ-tln.fr\/?page_id=219#poster\">Doctorants + posters<\/a><\/strong><\/td>\n<\/tr>\n<tr>\n<td style=\"text-align: center; background-color: #e6b8b7;\">17h15 &#8211; 19h00<br \/>\n<strong><a href=\"http:\/\/bda2015.univ-tln.fr\/?page_id=219#session2\">Session 2<br \/>\n<\/a><\/strong><span style=\"line-height: 1.714285714; font-family: inherit; font-size: inherit;\">NOUVELLES REQUETES<\/span><\/td>\n<td style=\"text-align: center; background-color: #e6b8b7;\">17h &#8211; 18h30<br \/>\n<strong><a href=\"http:\/\/bda2015.univ-tln.fr\/?page_id=219#demonstrations\">D\u00e9monstrations<\/a><\/strong><\/td>\n<td style=\"text-align: center; background-color: #fcd5b4;\">18h20 &#8211; 19h00<br \/>\n<strong>Pause + posters<\/strong><\/td>\n<\/tr>\n<tr>\n<td style=\"text-align: center; background-color: #fabf8f;\">19h00 &#8211; 19h30<br \/>\n<strong>Temps libre + ap\u00e9ritif<\/strong><\/td>\n<td style=\"text-align: center; background-color: #c4bd97;\">19h00 &#8211; 19h30<br \/>\n<strong>Ap\u00e9ritif de bienvenue<\/strong><\/td>\n<td style=\"text-align: center; background-color: #fabf8f;\">19h00 &#8211; 19h30<br \/>\n<strong>Temps libre<\/strong><\/td>\n<\/tr>\n<tr>\n<td style=\"text-align: center; background-color: #fabf8f;\">19h30h &#8211; 22h<br \/>\n<strong>Repas<\/strong><\/td>\n<td style=\"text-align: center; background-color: #fabf8f;\">19h30 &#8211; 22h<br \/>\n<strong>Repas<\/strong><\/td>\n<td style=\"text-align: center; background-color: #c4bd97;\">19h30 &#8211; 22h<br \/>\n<strong>Repas de Gala<\/strong><\/td>\n<\/tr>\n<\/tbody>\n<\/table>\n","protected":false},"excerpt":{"rendered":"<p>Mardi 29 septembre 2015 Mercredi 30 SEPTEMBRE 2015 Jeudi 1 octobre\u00a02015 Vendredi 2 octobre\u00a02015 8h30 &#8211; 9h30 Keynote 1 Eric Simon 8h30 &#8211; 9h30 Keynote 2 Fran\u00e7ois Goasdou\u00e9 Marie-Christine Rousset 8h30 &#8211; 9h30 Keynote 3 Am\u00e9lie Marian Arnaud Sahuguet 9h30 &#8211; 10h00 Pause 9h30 &#8211; 10h00 Pause 9h30 &#8211; 10h00 Pause 10h00 &#8211; 11h45 Session [&hellip;]<\/p>\n","protected":false},"author":1,"featured_media":0,"parent":0,"menu_order":0,"comment_status":"closed","ping_status":"closed","template":"","meta":{"footnotes":""},"class_list":["post-9","page","type-page","status-publish","hentry"],"_links":{"self":[{"href":"https:\/\/bda2015.univ-tln.fr\/index.php?rest_route=\/wp\/v2\/pages\/9","targetHints":{"allow":["GET"]}}],"collection":[{"href":"https:\/\/bda2015.univ-tln.fr\/index.php?rest_route=\/wp\/v2\/pages"}],"about":[{"href":"https:\/\/bda2015.univ-tln.fr\/index.php?rest_route=\/wp\/v2\/types\/page"}],"author":[{"embeddable":true,"href":"https:\/\/bda2015.univ-tln.fr\/index.php?rest_route=\/wp\/v2\/users\/1"}],"replies":[{"embeddable":true,"href":"https:\/\/bda2015.univ-tln.fr\/index.php?rest_route=%2Fwp%2Fv2%2Fcomments&post=9"}],"version-history":[{"count":16,"href":"https:\/\/bda2015.univ-tln.fr\/index.php?rest_route=\/wp\/v2\/pages\/9\/revisions"}],"predecessor-version":[{"id":196,"href":"https:\/\/bda2015.univ-tln.fr\/index.php?rest_route=\/wp\/v2\/pages\/9\/revisions\/196"}],"wp:attachment":[{"href":"https:\/\/bda2015.univ-tln.fr\/index.php?rest_route=%2Fwp%2Fv2%2Fmedia&parent=9"}],"curies":[{"name":"wp","href":"https:\/\/api.w.org\/{rel}","templated":true}]}}