{"id":70,"date":"2015-02-25T13:53:49","date_gmt":"2015-02-25T13:53:49","guid":{"rendered":"http:\/\/bda2015.univ-tln.fr\/?page_id=70"},"modified":"2015-02-27T16:54:22","modified_gmt":"2015-02-27T16:54:22","slug":"publication","status":"publish","type":"page","link":"https:\/\/bda2015.univ-tln.fr\/?page_id=70","title":{"rendered":"Publication"},"content":{"rendered":"<p class=\"entry-header\">La publication des actes se fait en 2 temps.<\/p>\n<div class=\"entry-content\">\n<ol>\n<li>Actes informels disponibles en version \u00e9lectronique lors de la conf\u00e9rence. Les articles seront accessibles aux participants, quels que soit leurs types (P ou NP).<\/li>\n<li>Une fois la conf\u00e9rence pass\u00e9e, des post-actes seront publi\u00e9s avec r\u00e9f\u00e9rencement ISBN ou ISSN et en ligne (ex : DBLP).<\/li>\n<\/ol>\n<p>Pour les auteurs, la d\u00e9cision du mode de publication se fera lors de la soumission de la version finale\u00a0:<\/p>\n<ul>\n<li>les auteurs ne souhaitent pas publier leur papier (car accept\u00e9 ailleurs par exemple) : ils seront alors invit\u00e9s \u00e0 \u00e9crire sur une page leur titre et leur r\u00e9sum\u00e9 en fran\u00e7ais. Le papier sera pr\u00e9sent\u00e9 \u00e0 BDA mais pas r\u00e9f\u00e9renc\u00e9. Les papiers P sont obligatoirement dans cette cat\u00e9gorie.<\/li>\n<li>les auteurs souhaitent publier leur papier NP complet dans BDA : le papier sera r\u00e9f\u00e9renc\u00e9 et le PDF sera disponible sur un site \u201couvert\u201d. Le papier compte pour une publication, et ne peut plus \u00eatre soumis ailleurs.<\/li>\n<\/ul>\n<p>Comme chaque ann\u00e9e, les meilleures publications longues NP pourront \u00eatre invit\u00e9es pour un num\u00e9ro sp\u00e9cial de revue.<\/p>\n<\/div>\n","protected":false},"excerpt":{"rendered":"<p>La publication des actes se fait en 2 temps. Actes informels disponibles en version \u00e9lectronique lors de la conf\u00e9rence. Les articles seront accessibles aux participants, quels que soit leurs types (P ou NP). Une fois la conf\u00e9rence pass\u00e9e, des post-actes seront publi\u00e9s avec r\u00e9f\u00e9rencement ISBN ou ISSN et en ligne (ex : DBLP). Pour les [&hellip;]<\/p>\n","protected":false},"author":2,"featured_media":0,"parent":0,"menu_order":0,"comment_status":"closed","ping_status":"closed","template":"","meta":{"footnotes":""},"class_list":["post-70","page","type-page","status-publish","hentry"],"_links":{"self":[{"href":"https:\/\/bda2015.univ-tln.fr\/index.php?rest_route=\/wp\/v2\/pages\/70","targetHints":{"allow":["GET"]}}],"collection":[{"href":"https:\/\/bda2015.univ-tln.fr\/index.php?rest_route=\/wp\/v2\/pages"}],"about":[{"href":"https:\/\/bda2015.univ-tln.fr\/index.php?rest_route=\/wp\/v2\/types\/page"}],"author":[{"embeddable":true,"href":"https:\/\/bda2015.univ-tln.fr\/index.php?rest_route=\/wp\/v2\/users\/2"}],"replies":[{"embeddable":true,"href":"https:\/\/bda2015.univ-tln.fr\/index.php?rest_route=%2Fwp%2Fv2%2Fcomments&post=70"}],"version-history":[{"count":2,"href":"https:\/\/bda2015.univ-tln.fr\/index.php?rest_route=\/wp\/v2\/pages\/70\/revisions"}],"predecessor-version":[{"id":80,"href":"https:\/\/bda2015.univ-tln.fr\/index.php?rest_route=\/wp\/v2\/pages\/70\/revisions\/80"}],"wp:attachment":[{"href":"https:\/\/bda2015.univ-tln.fr\/index.php?rest_route=%2Fwp%2Fv2%2Fmedia&parent=70"}],"curies":[{"name":"wp","href":"https:\/\/api.w.org\/{rel}","templated":true}]}}