{"id":68,"date":"2015-02-25T13:52:11","date_gmt":"2015-02-25T13:52:11","guid":{"rendered":"http:\/\/bda2015.univ-tln.fr\/?page_id=68"},"modified":"2015-07-23T11:39:21","modified_gmt":"2015-07-23T11:39:21","slug":"modalites-de-soumission","status":"publish","type":"page","link":"https:\/\/bda2015.univ-tln.fr\/?page_id=68","title":{"rendered":"Modalit\u00e9s de soumission"},"content":{"rendered":"<h2 style=\"text-align: justify;\">Appel g\u00e9n\u00e9ral<\/h2>\n<p style=\"text-align: justify;\">Nous sollicitons des soumissions qui couvrent toutes les <a href=\"http:\/\/bda2015.univ-tln.fr\/?page_id=65\">th\u00e9matiques<\/a> de recherche en gestion de donn\u00e9es. Cette ann\u00e9e, nous mettrons en avant l&rsquo;interaction entre la recherche et l&rsquo;industrie en organisant des sessions de r\u00e9seautage avec les industriels et des keynotes par des industriels. Un grand int\u00e9r\u00eat sera port\u00e9 aux publications utilisant de vraies donn\u00e9es et qui montrent l&rsquo;apport de la recherche en gestion de donn\u00e9es dans la pratique.<\/p>\n<h2 style=\"text-align: justify;\">Types\u00a0d&rsquo;articles<\/h2>\n<p style=\"text-align: justify;\">Afin d\u2019encourager des soumissions de la part de partenaires industriels, nous consid\u00e9rons 2 formats : des papiers courts (4 \u00e0\u00a06 pages) d\u00e9crivant un retour d\u2019exp\u00e9riences de projets recherche\/industrie et des papiers longs (10 \u00e0 12 pages) plus classiques recherche.\u00a0De plus, comme chaque ann\u00e9e, nous sollicitions \u00e9galement des propositions de d\u00e9monstrations ou de \u201cdoctorant-e-s\u201d<\/p>\n<p style=\"text-align: justify;\">Les soumissions sont \u00e0 effectuer en PDF, A4, en fran\u00e7ais ou en anglais (\u00e0 condition d\u2019ajouter un titre et un r\u00e9sum\u00e9 en fran\u00e7ais). Le format des papiers doit correspondre \u00e0 celui de la version finale : <a href=\"http:\/\/bda2015.univ-tln.fr\/wp-content\/uploads\/2015\/07\/bda-proc.zip\">bda-proc<\/a>.<\/p>\n<p class=\"entry-content\">Le site de soumission pour les articles longs et courts est: <a href=\"https:\/\/easychair.org\/conferences\/?conf=bda20151\">https:\/\/easychair.org\/conferences\/?conf=bda20151<\/a>.<\/p>\n<div class=\"entry-content\"><\/div>\n<div class=\"entry-content\">Le site de soumission pour les d\u00e9monstration et les articles de doctorants est : <a title=\"https:\/\/cmt.research.microsoft.com\/BDA2015\/Default.aspx\" href=\"https:\/\/cmt.research.microsoft.com\/BDA2015\/Default.aspx\">https:\/\/cmt.research.microsoft.com\/BDA2015\/Default.aspx<\/a><\/div>\n<div class=\"entry-content\"><\/div>\n<div class=\"entry-content\"><\/div>\n<div class=\"entry-content\">\n<p>Il y a 4 cat\u00e9gories de papiers :<\/p>\n<ul>\n<li><b>Papiers longs<\/b> (10 \u00e0\u00a012 pages\u00a0pages max. hors annexes) : articles classiques de recherche.<\/li>\n<li><b>Papiers courts<\/b>\u00a0(4 \u00e0\u00a06 pages\u00a0pages max. hors annexes) : articles\u00a0d\u00e9crivant un retour d\u2019exp\u00e9riences de projets recherche \/ industriel.<\/li>\n<li><b>Papiers doctorant-e<\/b> (2 pages max) : pr\u00e9sentation du sujet de th\u00e8se, avec pr\u00e9sentation courte lors de la conf\u00e9rence suivie d\u2019un poster.<\/li>\n<li><b>Papiers d\u00e9mo<\/b> (5 pages max).<\/li>\n<\/ul>\n<h2 style=\"text-align: justify;\">Types\u00a0de soumission<\/h2>\n<p>Il y a 2 types de soumission pour chaque cat\u00e9gorie :<\/p>\n<ul>\n<li style=\"text-align: justify;\"><b>Publi\u00e9s (P) :<\/b> papiers d\u00e9j\u00e0 accept\u00e9s ou publi\u00e9s dans une conf\u00e9rence internationale de renom et qui n\u2019auraient pas pu \u00eatre soumis au pr\u00e9c\u00e9dent BDA (donc : publi\u00e9s ou accept\u00e9s apr\u00e8s le 28 mai 2014). Il suffira de soumettre le papier \u201cen l\u2019\u00e9tat\u201d, en indiquant de fa\u00e7on explicite le lieu o\u00f9 le travail a \u00e9t\u00e9 publi\u00e9. Cette cat\u00e9gorie est faite pour attirer les meilleurs papiers de la communaut\u00e9 fran\u00e7aise et donner \u00e0 leurs auteurs l\u2019opportunit\u00e9 de pr\u00e9senter leur travaux. Il ne s\u2019agit en aucun cas d\u2019une nouvelle publication. Cela permet aussi aux auteurs de montrer leur attachement \u00e0 la communaut\u00e9. Les soumissions des d\u00e9mos qui sont d\u00e9j\u00e0 publi\u00e9es doivent mentionner le\u00a0mot \u00ab\u00a0Publi\u00e9\u00a0\u00bb dans leur abstract.<\/li>\n<li style=\"text-align: justify;\"><b>Non Publi\u00e9s (NP) :<\/b> papiers originaux, non publi\u00e9s, ou en double soumission au moment de la notification BDA.<\/li>\n<\/ul>\n<p style=\"text-align: justify;\">Lors de la soumission, les auteurs sont invit\u00e9s \u00e0 choisir le type de soumission (P ou NP), en pr\u00e9cisant la conf\u00e9rence pour P, et la date de notification pr\u00e9vue le cas \u00e9ch\u00e9ant pour NP. Les papiers sont \u00e9valu\u00e9s selon les m\u00eames crit\u00e8res mais dans des flux diff\u00e9rents. Nous pr\u00e9voyons de limiter \u00e0 20% la fraction des papiers P, afin de laisser la part belle aux papiers NP (fraction \u00e0 la discr\u00e9tion du comit\u00e9 de programme).<\/p>\n<p style=\"text-align: justify;\">Les papiers courts et longs refus\u00e9s en NP et port\u00e9s par un-e doctorant-e peuvent se voir invit\u00e9s \u00e0 soumettre en cat\u00e9gorie doctorant-e.<\/p>\n<h2 style=\"text-align: justify;\">Proposition d&rsquo;id\u00e9es de r\u00e9seautage<\/h2>\n<p style=\"text-align: justify;\">Nous sollicitons des soumissions d&rsquo;id\u00e9es de r\u00e9seautage allant de discussions de projets (<i>e.g., MASTODONS, PIA, GDR MaDICS<\/i><i>) <\/i>et d&rsquo;appels \u00e0 projets en cours, \u00e0 l&rsquo;affichage d&rsquo;offres de stages, th\u00e8ses, et post-doc et la pr\u00e9sentation de l&rsquo;\u00e9cole th\u00e9matique BDA 2016.\u00a0Les soumissions doivent \u00eatre adress\u00e9es par courrier \u00e9lectronique \u00e0 Sihem Amer-Yahia (Sihem Amer-Yahia <a class=\"moz-txt-link-rfc2396E\" href=\"mailto:Sihem.Amer-Yahia@imag.fr\">&lt;Sihem.Amer-Yahia@imag.fr&gt;<\/a>) avant le 30 juin 2015.<\/p>\n<\/div>\n","protected":false},"excerpt":{"rendered":"<p>Appel g\u00e9n\u00e9ral Nous sollicitons des soumissions qui couvrent toutes les th\u00e9matiques de recherche en gestion de donn\u00e9es. Cette ann\u00e9e, nous mettrons en avant l&rsquo;interaction entre la recherche et l&rsquo;industrie en organisant des sessions de r\u00e9seautage avec les industriels et des keynotes par des industriels. Un grand int\u00e9r\u00eat sera port\u00e9 aux publications utilisant de vraies donn\u00e9es [&hellip;]<\/p>\n","protected":false},"author":2,"featured_media":0,"parent":0,"menu_order":0,"comment_status":"closed","ping_status":"closed","template":"","meta":{"footnotes":""},"class_list":["post-68","page","type-page","status-publish","hentry"],"_links":{"self":[{"href":"https:\/\/bda2015.univ-tln.fr\/index.php?rest_route=\/wp\/v2\/pages\/68","targetHints":{"allow":["GET"]}}],"collection":[{"href":"https:\/\/bda2015.univ-tln.fr\/index.php?rest_route=\/wp\/v2\/pages"}],"about":[{"href":"https:\/\/bda2015.univ-tln.fr\/index.php?rest_route=\/wp\/v2\/types\/page"}],"author":[{"embeddable":true,"href":"https:\/\/bda2015.univ-tln.fr\/index.php?rest_route=\/wp\/v2\/users\/2"}],"replies":[{"embeddable":true,"href":"https:\/\/bda2015.univ-tln.fr\/index.php?rest_route=%2Fwp%2Fv2%2Fcomments&post=68"}],"version-history":[{"count":22,"href":"https:\/\/bda2015.univ-tln.fr\/index.php?rest_route=\/wp\/v2\/pages\/68\/revisions"}],"predecessor-version":[{"id":255,"href":"https:\/\/bda2015.univ-tln.fr\/index.php?rest_route=\/wp\/v2\/pages\/68\/revisions\/255"}],"wp:attachment":[{"href":"https:\/\/bda2015.univ-tln.fr\/index.php?rest_route=%2Fwp%2Fv2%2Fmedia&parent=68"}],"curies":[{"name":"wp","href":"https:\/\/api.w.org\/{rel}","templated":true}]}}