{"id":65,"date":"2015-02-25T13:48:02","date_gmt":"2015-02-25T13:48:02","guid":{"rendered":"http:\/\/bda2015.univ-tln.fr\/?page_id=65"},"modified":"2015-02-27T16:54:02","modified_gmt":"2015-02-27T16:54:02","slug":"thematiques","status":"publish","type":"page","link":"https:\/\/bda2015.univ-tln.fr\/?page_id=65","title":{"rendered":"Th\u00e9matiques"},"content":{"rendered":"<p>Les sujets d\u2019int\u00e9r\u00eat de la conf\u00e9rence incluent (liste non-exhaustive)\u00a0:<\/p>\n<ul>\n<li>Big Data et nouveaux paradigmes de traitement des donn\u00e9es<\/li>\n<li>Big Data : cas d\u2019usage avec probl\u00e9matique de gestion<\/li>\n<li>Crowd sourcing, crowd mining, sciences participatives, jeux s\u00e9rieux pour les donn\u00e9es<\/li>\n<li>Donn\u00e9es ouvertes, Linked Data, RDF<\/li>\n<li>Evaluation de performance et bancs d\u2019essai<\/li>\n<li>Evaluation et optimisation de requ\u00eates<\/li>\n<li>Flux de donn\u00e9es et r\u00e9seaux de capteurs<\/li>\n<li>Fouille de donn\u00e9es et d\u00e9couverte de connaissances<\/li>\n<li>Gestion de donn\u00e9es et services Web<\/li>\n<li>Gestion de donn\u00e9es multim\u00e9dia<\/li>\n<li>Gestion de donn\u00e9es parall\u00e8les et distribu\u00e9es<\/li>\n<li>Gestion de donn\u00e9es personnelles<\/li>\n<li>Gestion de donn\u00e9es scientifiques<\/li>\n<li>Gestion de donn\u00e9es semi-structur\u00e9es<\/li>\n<li>Gestion de donn\u00e9es temporelles<\/li>\n<li>Gestion de donn\u00e9es dans le cloud<\/li>\n<li>Gestion des donn\u00e9es incertaines et probabilistes<\/li>\n<li>Gestion des transactions et de la concurrence<\/li>\n<li>Mod\u00e8les d\u2019indexation et de stockage<\/li>\n<li>Mod\u00e8les, langages, et s\u00e9mantique des donn\u00e9es<\/li>\n<li>Monitoring et r\u00e9glage des performances<\/li>\n<li>Nettoyage, int\u00e9gration, et provenance des donn\u00e9es<\/li>\n<li>Qualit\u00e9\/valeur des donn\u00e9es<\/li>\n<li>Recherche d\u2019information et fouille de texte<\/li>\n<li>R\u00e9seaux sociaux et graphes de donn\u00e9es<\/li>\n<li>Syst\u00e8mes de gestion de donn\u00e9es embarqu\u00e9s<\/li>\n<li>S\u00e9curit\u00e9 et protection des donn\u00e9es priv\u00e9es<\/li>\n<li>Visualisation de donn\u00e9es<\/li>\n<\/ul>\n","protected":false},"excerpt":{"rendered":"<p>Les sujets d\u2019int\u00e9r\u00eat de la conf\u00e9rence incluent (liste non-exhaustive)\u00a0: Big Data et nouveaux paradigmes de traitement des donn\u00e9es Big Data : cas d\u2019usage avec probl\u00e9matique de gestion Crowd sourcing, crowd mining, sciences participatives, jeux s\u00e9rieux pour les donn\u00e9es Donn\u00e9es ouvertes, Linked Data, RDF Evaluation de performance et bancs d\u2019essai Evaluation et optimisation de requ\u00eates Flux [&hellip;]<\/p>\n","protected":false},"author":2,"featured_media":0,"parent":0,"menu_order":0,"comment_status":"closed","ping_status":"closed","template":"","meta":{"footnotes":""},"class_list":["post-65","page","type-page","status-publish","hentry"],"_links":{"self":[{"href":"https:\/\/bda2015.univ-tln.fr\/index.php?rest_route=\/wp\/v2\/pages\/65","targetHints":{"allow":["GET"]}}],"collection":[{"href":"https:\/\/bda2015.univ-tln.fr\/index.php?rest_route=\/wp\/v2\/pages"}],"about":[{"href":"https:\/\/bda2015.univ-tln.fr\/index.php?rest_route=\/wp\/v2\/types\/page"}],"author":[{"embeddable":true,"href":"https:\/\/bda2015.univ-tln.fr\/index.php?rest_route=\/wp\/v2\/users\/2"}],"replies":[{"embeddable":true,"href":"https:\/\/bda2015.univ-tln.fr\/index.php?rest_route=%2Fwp%2Fv2%2Fcomments&post=65"}],"version-history":[{"count":3,"href":"https:\/\/bda2015.univ-tln.fr\/index.php?rest_route=\/wp\/v2\/pages\/65\/revisions"}],"predecessor-version":[{"id":85,"href":"https:\/\/bda2015.univ-tln.fr\/index.php?rest_route=\/wp\/v2\/pages\/65\/revisions\/85"}],"wp:attachment":[{"href":"https:\/\/bda2015.univ-tln.fr\/index.php?rest_route=%2Fwp%2Fv2%2Fmedia&parent=65"}],"curies":[{"name":"wp","href":"https:\/\/api.w.org\/{rel}","templated":true}]}}