{"id":33,"date":"2015-01-19T11:07:43","date_gmt":"2015-01-19T11:07:43","guid":{"rendered":"http:\/\/bda2015.univ-tln.fr\/?page_id=33"},"modified":"2015-09-24T22:02:30","modified_gmt":"2015-09-24T22:02:30","slug":"infos-pratiques","status":"publish","type":"page","link":"https:\/\/bda2015.univ-tln.fr\/?page_id=33","title":{"rendered":"Infos pratiques"},"content":{"rendered":"<p style=\"text-align: center;\"><strong>La conf\u00e9rence se tient \u00e0 l&rsquo;<a href=\"http:\/\/www.igesa.fr\/vacances-adultes\/recherche-sejour\/reserver-mes-vacances\/etablissement\/porquerolles\/\">IGESA de Porquerolles<\/a><\/strong><\/p>\n<h1>Transport<\/h1>\n<p><iframe loading=\"lazy\" style=\"border: 0;\" src=\"https:\/\/www.google.com\/maps\/embed?pb=!1m24!1m12!1m3!1d93270.68449072723!2d6.112183996270679!3d43.06858979971008!2m3!1f0!2f0!3f0!3m2!1i1024!2i768!4f13.1!4m9!1i0!3e2!4m0!4m5!1s0x0%3A0xe4bab6ff4da2f1c1!2s%C3%8Ele+de+Porquerolles!3m2!1d42.999992999999996!2d6.202484999999999!5e0!3m2!1sfr!2sfr!4v1430240867913\" width=\"600\" height=\"450\" frameborder=\"0\"><\/iframe><\/p>\n<h2><strong>Arriv\u00e9e \u00e0 Porquerolles le 29\/09\/2015<\/strong><\/h2>\n<p style=\"text-align: justify;\">Le d\u00e9part pour l&rsquo;\u00eele de Porquerolles se fait\u00a0\u00e0 l<strong>&#8217;embarcad\u00e8re de la Tour Fondue (Chemin du Bouvet, 83400 HY\u00c8RES)<\/strong>.<\/p>\n<p style=\"text-align: justify;\">Un bateau sp\u00e9cial\u00a0BDA (compris dans le prix de l&rsquo;inscription) \u00e0 destination de l&rsquo;\u00eele\u00a0sera pr\u00e9vu \u00e0 <strong>13h30<\/strong>. <span style=\"text-decoration: underline;\">Pour ceux ne prenant pas le bateau sp\u00e9cial BDA<\/span>,\u00a0vous trouverez\u00a0la billetterie et les bateaux r\u00e9guliers pour vous rendre sur l&rsquo;\u00eele de Porquerolles (12.5\u20ac aller simple et 19.5\u20ac A\/R &#8211; non compris dans le prix de l&rsquo;inscription) ; vous trouverez toutes les informations \u00e0 cette adresse :\u00a0<a href=\"http:\/\/www.tlv-tvm.com\/porquerolles-bateau-hyeres-toulon-horaires-14.html\">http:\/\/www.tlv-tvm.com\/porquerolles-bateau-hyeres-toulon-horaires-14.html<\/a>\u00a0.<br \/>\nVous avez \u00e9galement la possibilit\u00e9 de r\u00e9server un bateau taxi depuis la Tour Fondue (il est pr\u00e9f\u00e9rable de r\u00e9server 48h \u00e0 l&rsquo;avance).<\/p>\n<h5>Se rendre \u00e0 l\u2019embarcad\u00e8re de la Tour Fondue<\/h5>\n<ul>\n<li>\u00a0<strong>Par Avion<\/strong> :\n<ul>\n<li><span style=\"text-decoration: underline;\">Depuis\u00a0l&rsquo;a\u00e9roport d&rsquo;Hy\u00e8res<\/span> : Bus <a href=\"http:\/\/www.reseaumistral.com\/horaires_ligne\/index.asp?rub_code=6&amp;lign_id=28&amp;sens=2\">ligne 63<\/a> jusqu&rsquo;\u00e0 <em>Arromanches<\/em> puis\u00a0<a href=\"http:\/\/www.reseaumistral.com\/horaires_ligne\/index.asp?rub_code=6&amp;lign_id=12\">ligne 67<\/a> jusqu&rsquo;\u00e0 la <em>Tour Fondue<\/em>\u00a0(d\u00e9tails des bus sur\u00a0<a href=\"http:\/\/www.reseaumistral.com\/\">http:\/\/www.reseaumistral.com\/<\/a>\u00a0ou via l&rsquo;application mobile r\u00e9seau Mistral).<\/li>\n<li><span style=\"text-decoration: underline;\">Depuis\u00a0l&rsquo;a\u00e9roport de Marseille ou de Nice<\/span> : \u00a0prendre un\u00a0train jusqu&rsquo;\u00e0 la gare d&rsquo;Hy\u00e8res puis suivre l\u2019itin\u00e9raire ci-dessous.<\/li>\n<\/ul>\n<\/li>\n<li><strong>En train <\/strong>:\n<ul>\n<li><span style=\"text-decoration: underline;\">Depuis la gare SNCF de Hy\u00e8res<\/span> : prendre le bus\u00a0<a href=\"http:\/\/www.reseaumistral.com\/horaires_ligne\/index.asp?rub_code=6&amp;lign_id=12\">ligne 67<\/a> jusqu&rsquo;\u00e0 la Tour Fondue\u00a0\u00a0(d\u00e9tails des bus sur\u00a0<a href=\"http:\/\/www.reseaumistral.com\/\">http:\/\/www.reseaumistral.com\/<\/a>\u00a0ou via l&rsquo;application r\u00e9seau Mistral)<\/li>\n<li><span style=\"text-decoration: underline;\">Depuis la gare SNCF de Toulon<\/span> : prendre un TER ou un bus jusqu&rsquo;\u00e0 la gare SNCF de Hy\u00e8res puis suivre l\u2019itin\u00e9raire ci-dessus.<\/li>\n<\/ul>\n<\/li>\n<li><strong>En voiture <\/strong>:<strong>\u00a0<\/strong>Si vous avez un GPS, entrez l&rsquo;adresse : <strong>La Tour Fondue 83400 HY\u00c8RES<\/strong>\u00a0. \u00c0 d\u00e9faut de GPS\u00a0suivre cet <a href=\"https:\/\/www.google.fr\/maps\/dir\/A57,+Toulon\/La+Tour+Fondue,+Hy%C3%A8res\/@43.0866067,5.9816078,12z\/data=!3m1!4b1!4m13!4m12!1m5!1m1!1s0x12c9394a5f1dbfaf:0xaa2765d6c11e48a3!2m2!1d5.9681485!2d43.1248834!1m5!1m1!1s0x12c927356c300da5:0x8d766137963b2c1d!2m2!1d6.154482!2d43.029804?hl=fr\">itin\u00e9raire<\/a>. Une fois arriv\u00e9, vous pourrez vous garer sur le Parking payant. \u00a0(R\u00e9servation facultative\u00a0<a href=\"http:\/\/www.vincipark.com\/fr\/parkings\/la-tour-fondue-83010600\">ici<\/a>\u00a0). \u00a0Attention, les voitures sont interdites sur l&rsquo;\u00eele.<\/li>\n<\/ul>\n<h5>Se rendre \u00e0\u00a0l&rsquo;IGESA (\u00e0 pied depuis le port de Porquerolles)<\/h5>\n<ul>\n<li>En sortant du port de Porquerolles, prendre l\u00e9g\u00e8rement \u00e0\u00a0droite<\/li>\n<li>Monter la <strong>rue de la Douane<\/strong> (rue o\u00f9 se trouve des\u00a0magasins de location de v\u00e9los)<\/li>\n<li>L&rsquo;entr\u00e9e de l&rsquo;IGESA se trouve au bout de cette rue (portail bleu)<\/li>\n<\/ul>\n<h2><strong>D\u00e9part de Porquerolles le 02\/10\/2015<\/strong><\/h2>\n<p>Deux bateaux sp\u00e9ciaux BDA\u00a0\u00e0 destination de la Tour Fondue seront pr\u00e9vus \u00e0\u00a0<strong>12h00 <\/strong>et<strong> de 14h00<\/strong>.<\/p>\n<p>Ensuite, deux\u00a0bus sp\u00e9ciaux\u00a0BDA \u00e0 destination de l&rsquo;a\u00e9roport d&rsquo;Hy\u00e8re, de la gare SNCF de Hy\u00e8res et de\u00a0Toulon vous attendront. Ci-dessous les heures d&rsquo;arriv\u00e9e approximatives :<\/p>\n<ul>\n<li>A\u00e9roport de Hy\u00e8res : arriv\u00e9e pr\u00e9vue entre\u00a0\u00a0<strong>12h50 et 13h00<\/strong> (entre\u00a0<strong>14h45 <\/strong>et<strong> 15h00 <\/strong>pour le second bus)<\/li>\n<li>Gare de Hy\u00e8res : arriv\u00e9e pr\u00e9vue entre<strong> 13h05 et 13h20\u00a0<\/strong>(entre\u00a0<strong>15<strong>h05 <\/strong><\/strong>et<strong><strong> 15h20 <\/strong><\/strong>pour le second bus)<\/li>\n<li>Gare SNCF de Toulon : arriv\u00e9e pr\u00e9vue entre <strong>13h35 et 13h50\u00a0<\/strong>(entre\u00a0<strong><strong>15<strong>h35 <\/strong><\/strong><\/strong>et<strong><strong><strong> 15h50\u00a0<\/strong><\/strong><\/strong>pour le second bus)<\/li>\n<\/ul>\n<p><span style=\"text-decoration: underline;\">Pour ceux ne prenant pas le bateau et le bus sp\u00e9cial BDA<\/span>,\u00a0Il y a deux possibilit\u00e9s : d\u00e9part de Hy\u00e8res (a\u00e9roport ou gare SNCF) ou d\u00e9part de Toulon (gare SNCF). \u00a0Il faut pr\u00e9voir :<\/p>\n<ul>\n<li>Pour Hy\u00e8res : La travers\u00e9e vers la tour fondue (<a href=\"http:\/\/www.tlv-tvm.com\/porquerolles-bateau-hyeres-toulon-horaires-14.html\">http:\/\/www.tlv-tvm.com\/porquerolles-bateau-hyeres-toulon-horaires-14.html<\/a>), l&rsquo;acc\u00e8s \u00e0 l&rsquo;a\u00e9roport ou la gare (bus ou taxi).<\/li>\n<li>Pour Toulon : La seule travers\u00e9e retour vers le port de Toulon est \u00e0 17h (<a href=\"http:\/\/www.lesbateliersdelarade.com\/pages\/iles-d-hyeres\/ile-de-porquerolles.html\">http:\/\/www.lesbateliersdelarade.com\/pages\/iles-d-hyeres\/ile-de-porquerolles.html<\/a>).<\/li>\n<\/ul>\n<h1>H\u00e9bergement<\/h1>\n<p>L&rsquo;h\u00e9bergement est pr\u00e9vu \u00e0 l&rsquo;IGESA de l&rsquo;\u00eele de Porquerolles.<\/p>\n<p>I.G.E.S.A (Centre de Loisirs Sportifs des Arm\u00e9es)<br \/>\nActivit\u00e9 : villages, clubs de vacances<br \/>\n\u00eele Porquerolles<br \/>\n83400 ILE DE PORQUEROLLES<br \/>\n04 94 12 31 80<\/p>\n","protected":false},"excerpt":{"rendered":"<p>La conf\u00e9rence se tient \u00e0 l&rsquo;IGESA de Porquerolles Transport Arriv\u00e9e \u00e0 Porquerolles le 29\/09\/2015 Le d\u00e9part pour l&rsquo;\u00eele de Porquerolles se fait\u00a0\u00e0 l&#8217;embarcad\u00e8re de la Tour Fondue (Chemin du Bouvet, 83400 HY\u00c8RES). Un bateau sp\u00e9cial\u00a0BDA (compris dans le prix de l&rsquo;inscription) \u00e0 destination de l&rsquo;\u00eele\u00a0sera pr\u00e9vu \u00e0 13h30. Pour ceux ne prenant pas le bateau [&hellip;]<\/p>\n","protected":false},"author":1,"featured_media":0,"parent":0,"menu_order":0,"comment_status":"closed","ping_status":"closed","template":"","meta":{"footnotes":""},"class_list":["post-33","page","type-page","status-publish","hentry"],"_links":{"self":[{"href":"https:\/\/bda2015.univ-tln.fr\/index.php?rest_route=\/wp\/v2\/pages\/33","targetHints":{"allow":["GET"]}}],"collection":[{"href":"https:\/\/bda2015.univ-tln.fr\/index.php?rest_route=\/wp\/v2\/pages"}],"about":[{"href":"https:\/\/bda2015.univ-tln.fr\/index.php?rest_route=\/wp\/v2\/types\/page"}],"author":[{"embeddable":true,"href":"https:\/\/bda2015.univ-tln.fr\/index.php?rest_route=\/wp\/v2\/users\/1"}],"replies":[{"embeddable":true,"href":"https:\/\/bda2015.univ-tln.fr\/index.php?rest_route=%2Fwp%2Fv2%2Fcomments&post=33"}],"version-history":[{"count":33,"href":"https:\/\/bda2015.univ-tln.fr\/index.php?rest_route=\/wp\/v2\/pages\/33\/revisions"}],"predecessor-version":[{"id":277,"href":"https:\/\/bda2015.univ-tln.fr\/index.php?rest_route=\/wp\/v2\/pages\/33\/revisions\/277"}],"wp:attachment":[{"href":"https:\/\/bda2015.univ-tln.fr\/index.php?rest_route=%2Fwp%2Fv2%2Fmedia&parent=33"}],"curies":[{"name":"wp","href":"https:\/\/api.w.org\/{rel}","templated":true}]}}