{"id":17,"date":"2015-01-18T15:36:18","date_gmt":"2015-01-18T15:36:18","guid":{"rendered":"http:\/\/bda2015.univ-tln.fr\/?page_id=17"},"modified":"2015-09-24T22:04:07","modified_gmt":"2015-09-24T22:04:07","slug":"bda-2015","status":"publish","type":"page","link":"https:\/\/bda2015.univ-tln.fr\/","title":{"rendered":"Accueil"},"content":{"rendered":"<h1 style=\"text-align: center;\"><em>BDA 2015 \u2014 29 septembre au 2 octobre 2015<br \/>\n\u00cele de Porquerolles (centre IGESA)<\/em><\/h1>\n<p style=\"text-align: justify;\">La conf\u00e9rence <span class=\"\">sur la \u00ab\u00a0Gestion de Donn\u00e9es &#8212; Principes, Technologies et Applications\u00a0\u00bb (BDA 2015)<\/span>\u00a0est le rendez-vous incontournable de la communaut\u00e9 de la gestion de donn\u00e9es en France.<\/p>\n<p style=\"text-align: justify;\">La conf\u00e9rence a c\u00e9l\u00e9br\u00e9 son 30\u00e8me anniversaire \u00e0 Autrans en 2014 (historique des journ\u00e9es\u202f:\u202f<a href=\"http:\/\/bdav.org\/\">http:\/\/bdav.org\/<\/a>).<\/p>\n<p style=\"text-align: justify;\">La 31\u00e8me \u00e9dition de la conf\u00e9rence se tiendra sur l\u2019\u00eele de Porquerolles du 29 septembre au 2 octobre 2015. Elle est co-organis\u00e9e par les laboratoires CNRS <a title=\"lsis\" href=\"http:\/\/www.lsis.org\/\" target=\"_blank\">LSIS<\/a> (UMR CNRS 7296) et <a title=\"LIF\" href=\"http:\/\/www.lif.univ-mrs.fr\/\" target=\"_blank\">LIF<\/a> (UMR CNRS 7279). La recherche en gestion de donn\u00e9es conna\u00eet une nouvelle \u00e8re : le data-driven. Les donn\u00e9es sont de plus en plus disponibles ce qui donne naissance \u00e0 une nouvelle approche de recherche en gestion de donn\u00e9es : comment partir de la donn\u00e9e, l&rsquo;organiser et la pr\u00e9parer pour en extraire de la valeur. De plus, beaucoup de chercheurs en gestion de donn\u00e9es travaillent avec des industriels. BDA est une bonne occasion pour les chercheurs pour \u00e9changer autour de leurs exp\u00e9riences avec des jeux de donn\u00e9es r\u00e9els qui viennent de disciplines diverses et \u00e9galement une occasion pour les industriels pour trouver les futurs data scientists.<\/p>\n<p style=\"text-align: justify;\">BDA 2015 sera aux couleurs data-driven et industrielles.<\/p>\n<p style=\"text-align: justify;\">Les chercheuses et chercheurs francophones viennent pr\u00e9senter leurs r\u00e9sultats de recherche dans le domaine de la gestion des donn\u00e9es. L\u2019\u00e9dition BDA 2015 sera l\u2019occasion de montrer les contributions r\u00e9centes s\u2019adressant aux nouveaux d\u00e9fis de recherche pos\u00e9s par les approches de recherche data-driven et les collaborations industrielles. Les th\u00e9matiques de la conf\u00e9rence couvrent un large spectre de probl\u00e8mes li\u00e9s \u00e0 la collecte, l\u2019interrogation, la gestion et l\u2019int\u00e9gration de donn\u00e9es dans les applications industrielles et scientifiques traditionnelles ainsi que dans les domaines tels la sant\u00e9, l\u2019environnement, la gestion des transports et r\u00e9seaux urbains et \u00e9lectriques, et les sciences humaines et sociales.<\/p>\n","protected":false},"excerpt":{"rendered":"<p>BDA 2015 \u2014 29 septembre au 2 octobre 2015 \u00cele de Porquerolles (centre IGESA) La conf\u00e9rence sur la \u00ab\u00a0Gestion de Donn\u00e9es &#8212; Principes, Technologies et Applications\u00a0\u00bb (BDA 2015)\u00a0est le rendez-vous incontournable de la communaut\u00e9 de la gestion de donn\u00e9es en France. La conf\u00e9rence a c\u00e9l\u00e9br\u00e9 son 30\u00e8me anniversaire \u00e0 Autrans en 2014 (historique des journ\u00e9es\u202f:\u202fhttp:\/\/bdav.org\/). [&hellip;]<\/p>\n","protected":false},"author":1,"featured_media":0,"parent":0,"menu_order":0,"comment_status":"closed","ping_status":"closed","template":"","meta":{"footnotes":""},"class_list":["post-17","page","type-page","status-publish","hentry"],"_links":{"self":[{"href":"https:\/\/bda2015.univ-tln.fr\/index.php?rest_route=\/wp\/v2\/pages\/17","targetHints":{"allow":["GET"]}}],"collection":[{"href":"https:\/\/bda2015.univ-tln.fr\/index.php?rest_route=\/wp\/v2\/pages"}],"about":[{"href":"https:\/\/bda2015.univ-tln.fr\/index.php?rest_route=\/wp\/v2\/types\/page"}],"author":[{"embeddable":true,"href":"https:\/\/bda2015.univ-tln.fr\/index.php?rest_route=\/wp\/v2\/users\/1"}],"replies":[{"embeddable":true,"href":"https:\/\/bda2015.univ-tln.fr\/index.php?rest_route=%2Fwp%2Fv2%2Fcomments&post=17"}],"version-history":[{"count":12,"href":"https:\/\/bda2015.univ-tln.fr\/index.php?rest_route=\/wp\/v2\/pages\/17\/revisions"}],"predecessor-version":[{"id":278,"href":"https:\/\/bda2015.univ-tln.fr\/index.php?rest_route=\/wp\/v2\/pages\/17\/revisions\/278"}],"wp:attachment":[{"href":"https:\/\/bda2015.univ-tln.fr\/index.php?rest_route=%2Fwp%2Fv2%2Fmedia&parent=17"}],"curies":[{"name":"wp","href":"https:\/\/api.w.org\/{rel}","templated":true}]}}