{"id":11,"date":"2015-01-18T15:34:31","date_gmt":"2015-01-18T15:34:31","guid":{"rendered":"http:\/\/bda2015.univ-tln.fr\/?page_id=11"},"modified":"2015-05-11T16:41:39","modified_gmt":"2015-05-11T16:41:39","slug":"comites","status":"publish","type":"page","link":"https:\/\/bda2015.univ-tln.fr\/?page_id=11","title":{"rendered":"Comit\u00e9s"},"content":{"rendered":"<p>&nbsp;<\/p>\n<h2>Pr\u00e9sident des Journ\u00e9es :<\/h2>\n<ul>\n<li>Omar Boucelma,<br \/>\nLaboratoire des Sciences de l&rsquo;Information et des Syst\u00e8mes (LSIS),\u00a0Aix Marseille Universit\u00e9.<\/li>\n<\/ul>\n<h2>Comit\u00e9 de programme :<\/h2>\n<p><strong>Pr\u00e9sidente :<\/strong> <a href=\"http:\/\/membres-liglab.imag.fr\/amery\/\">Sihem Amer-Yahia<\/a>,<br \/>\nLaboratoire d\u2019Informatique de Grenoble (LIG).<\/p>\n<ul>\n<li>Reza Akbarinia, INRIA\u00a0Sophia Antipolis<\/li>\n<li>Mohamed-Amine Baazizi, LIP6 \/ Universit\u00e9 Pierre et Marie Curie<\/li>\n<li>Khalid Belhajjame, LAMSADE \/ Universit\u00e9 Paris Dauphine<\/li>\n<li>Christophe Bobineau, LIG \/ Institut National Polytechnique de Grenoble<\/li>\n<li>Boughanem Mohand, IRIT \/ Universit\u00e9 Paul Sabatier Toulouse<\/li>\n<li>Pierre Bourhis, LIFL\/INRIA Lille CNRS<\/li>\n<li>Amel Bouzeghoub, T\u00e9l\u00e9com Sud Paris \/ CNRS UMR 5157 SAMOVAR<\/li>\n<li>Bogdan Cautis, LRI \/ Universit\u00e9 de Paris-Sud<\/li>\n<li>Dario Colazzo, LAMSADE \/ Universit\u00e9 Paris Dauphine<\/li>\n<li>Camelia Constantin, LIP6 \/ Universit\u00e9 Pierre et Marie Curie<\/li>\n<li>Thierry Delot, LAMIH\/Universit\u00e9 de Valenciennes, INRIA-Lille<\/li>\n<li>Cedric Du Mouza, CNAM<\/li>\n<li>Beatrice Finance, \u00a0PRiSM Laboratory \/ Versailles University<\/li>\n<li>David Gross-Amblard, ISTIC \/ IRISA\/Universit\u00e9 Rennes 1<\/li>\n<li>Abdelkader Hameurlain, IRIT \/ Universit\u00e9 Paul Sabatier<\/li>\n<li>Lotfi Lakhal, LIF \/\u00a0Aix Marseille Universit\u00e9<\/li>\n<li>Philippe Lamarre,\u00a0LIRIS\/INSA Lyon<\/li>\n<li>Anne Laurent, LIRMM \/\u00a0Universit\u00e9 Montpellier 2, CNRS<\/li>\n<li>Sofian Maabout, LaBRI\/Universit\u00e9 de Bordeaux<\/li>\n<li>Ioana Manolescu, INRIA Saclay &#8211; \u00cele-de-France et LRI \/ Universit\u00e9 Paris Sud-11<\/li>\n<li>Pascal Molli, LINA \/ Universit\u00e9 de Nantes<\/li>\n<li>Amedeo Napoli, LORIA<\/li>\n<li>No\u00ebl Novelli, LIF \/ Aix Marseille Universit\u00e9, CNRS<\/li>\n<li>Benjamin Nguyen, INSA Centre Val de Loire<\/li>\n<li>Philippe Pucheral, INRIA \/\u00a0Universit\u00e9 de Versailles Saint-Quentin-en-Yvelines<\/li>\n<li>Daniel Rocacher, Irisa<\/li>\n<li>Maguelonne Teisseire, LIRMM \/ Universit\u00e9 Montpellier 2, CNRS<\/li>\n<li>Farouk Toumani, LIMOS \/ Universit\u00e9 Blaise Pascal , Clermont-Ferrand<\/li>\n<li>Federico Ulliana, LIRMM \/ Universit\u00e9 Montpellier 2, CNRS<\/li>\n<li>Nicolas Anciaux,\u00a0INRIA Paris-Rocquencourt<\/li>\n<\/ul>\n<h2><strong>Session D\u00e9monstrations : \u00a0<\/strong><\/h2>\n<p><strong>Responsable<\/strong> : Fabian Suchanek,\u00a0Telecom Paris\u2019Tech.<\/p>\n<ul>\n<li>Alexandre Termier (Universit\u00e9 de Rennes 1)<\/li>\n<li>Benjamin Nguyen (INSA-CVL)<\/li>\n<li>Camelia Constantin (LIP6)<\/li>\n<li>Danai Symeonidou (Telecom ParisTech)<\/li>\n<li>David Gross-Amblard (IRISA)<\/li>\n<li>Fabrice Jouanot (IMAG)<\/li>\n<li>Francesca Bugiotti (INRIA)<\/li>\n<li>Mauro Sozio (Telecom ParisTech)<\/li>\n<li>Nicoleta Preda (UVSQ)<\/li>\n<li>Pierre Bourhis (Lille1)<\/li>\n<li>Sarah Cohen-Boulakia (LRI)<\/li>\n<li>Xiao Bai (Yahoo research)<\/li>\n<\/ul>\n<h2><strong><strong>Session Doctorant-e-s\u00a0:\u00a0<\/strong><\/strong><\/h2>\n<p><strong>Responsable<\/strong> : Vincent Leroy,\u00a0Laboratoire d\u2019Informatique de Grenoble (LIG), Universit\u00e9 de Grenoble.<\/p>\n<ul>\n<li>Xiao Bai, Yahoo research.<\/li>\n<li>Alexandre Termier, Universit\u00e9 de Rennes 1.<\/li>\n<\/ul>\n<h2><strong><strong>Plagiarism chair : \u00a0<\/strong><\/strong><\/h2>\n<p>Pierre Senellart,\u00a0T\u00e9l\u00e9com ParisTech<\/p>\n<h2>Comit\u00e9 d&rsquo;organisation :<\/h2>\n<p>Le LSIS et le LIF co-organisent le colloque :<\/p>\n<p><strong>Pr\u00e9sidents :<\/strong><\/p>\n<ul>\n<li>E. Murisasco (LSIS), Universit\u00e9 de Toulon.<\/li>\n<li>No\u00ebl Novelli (LIF),\u00a0Aix Marseille Universit\u00e9.<\/li>\n<\/ul>\n<p><strong>Membres :<\/strong><\/p>\n<ul>\n<li>Emmanuel Bruno (LSIS), Universit\u00e9 de Toulon.<\/li>\n<li>Alain Casali (LIF),\u00a0Aix Marseille Universit\u00e9.<\/li>\n<li>Vincent Martin (LSIS), Universit\u00e9 de Toulon.<\/li>\n<\/ul>\n","protected":false},"excerpt":{"rendered":"<p>&nbsp; Pr\u00e9sident des Journ\u00e9es : Omar Boucelma, Laboratoire des Sciences de l&rsquo;Information et des Syst\u00e8mes (LSIS),\u00a0Aix Marseille Universit\u00e9. Comit\u00e9 de programme : Pr\u00e9sidente : Sihem Amer-Yahia, Laboratoire d\u2019Informatique de Grenoble (LIG). Reza Akbarinia, INRIA\u00a0Sophia Antipolis Mohamed-Amine Baazizi, LIP6 \/ Universit\u00e9 Pierre et Marie Curie Khalid Belhajjame, LAMSADE \/ Universit\u00e9 Paris Dauphine Christophe Bobineau, LIG \/ [&hellip;]<\/p>\n","protected":false},"author":1,"featured_media":0,"parent":0,"menu_order":0,"comment_status":"closed","ping_status":"closed","template":"","meta":{"footnotes":""},"class_list":["post-11","page","type-page","status-publish","hentry"],"_links":{"self":[{"href":"https:\/\/bda2015.univ-tln.fr\/index.php?rest_route=\/wp\/v2\/pages\/11","targetHints":{"allow":["GET"]}}],"collection":[{"href":"https:\/\/bda2015.univ-tln.fr\/index.php?rest_route=\/wp\/v2\/pages"}],"about":[{"href":"https:\/\/bda2015.univ-tln.fr\/index.php?rest_route=\/wp\/v2\/types\/page"}],"author":[{"embeddable":true,"href":"https:\/\/bda2015.univ-tln.fr\/index.php?rest_route=\/wp\/v2\/users\/1"}],"replies":[{"embeddable":true,"href":"https:\/\/bda2015.univ-tln.fr\/index.php?rest_route=%2Fwp%2Fv2%2Fcomments&post=11"}],"version-history":[{"count":23,"href":"https:\/\/bda2015.univ-tln.fr\/index.php?rest_route=\/wp\/v2\/pages\/11\/revisions"}],"predecessor-version":[{"id":195,"href":"https:\/\/bda2015.univ-tln.fr\/index.php?rest_route=\/wp\/v2\/pages\/11\/revisions\/195"}],"wp:attachment":[{"href":"https:\/\/bda2015.univ-tln.fr\/index.php?rest_route=%2Fwp%2Fv2%2Fmedia&parent=11"}],"curies":[{"name":"wp","href":"https:\/\/api.w.org\/{rel}","templated":true}]}}